{"id":3043,"date":"2026-03-09T15:59:39","date_gmt":"2026-03-09T15:59:39","guid":{"rendered":"https:\/\/villalalapv.com\/?page_id=3043"},"modified":"2026-03-09T16:10:47","modified_gmt":"2026-03-09T16:10:47","slug":"estado-actual","status":"publish","type":"page","link":"https:\/\/villalalapv.com\/es\/estado-actual\/","title":{"rendered":"Estado Actual"},"content":{"rendered":"<style>.elementor-3043 .elementor-element.elementor-element-3088f73{--display:flex;--flex-direction:column;--container-widget-width:calc( ( 1 - var( --container-widget-flex-grow ) ) * 100% );--container-widget-height:initial;--container-widget-flex-grow:0;--container-widget-align-self:initial;--flex-wrap-mobile:wrap;--align-items:center;border-style:solid;--border-style:solid;border-width:20px 20px 20px 20px;--border-top-width:20px;--border-right-width:20px;--border-bottom-width:20px;--border-left-width:20px;border-color:var( --e-global-color-85fd2be );--border-color:var( --e-global-color-85fd2be );--margin-top:50px;--margin-bottom:50px;--margin-left:0px;--margin-right:0px;--padding-top:0px;--padding-bottom:0px;--padding-left:0px;--padding-right:0px;}.elementor-3043 .elementor-element.elementor-element-6f865df{--display:flex;--align-items:center;--container-widget-width:calc( ( 1 - var( --container-widget-flex-grow ) ) * 100% );--gap:10px 10px;--row-gap:10px;--column-gap:10px;--margin-top:0px;--margin-bottom:0px;--margin-left:0px;--margin-right:0px;--padding-top:0px;--padding-bottom:0px;--padding-left:20px;--padding-right:20px;}.elementor-3043 .elementor-element.elementor-element-da41274 .elementor-heading-title{font-family:var( --e-global-typography-secondary-font-family ), Sans-serif;font-size:var( --e-global-typography-secondary-font-size );font-weight:var( --e-global-typography-secondary-font-weight );text-decoration:var( --e-global-typography-secondary-text-decoration );line-height:var( --e-global-typography-secondary-line-height );color:var( --e-global-color-primary );}.elementor-3043 .elementor-element.elementor-element-7520aa0{text-align:start;font-family:var( --e-global-typography-text-font-family ), Sans-serif;font-size:var( --e-global-typography-text-font-size );font-weight:var( --e-global-typography-text-font-weight );text-transform:var( --e-global-typography-text-text-transform );text-decoration:var( --e-global-typography-text-text-decoration );line-height:var( --e-global-typography-text-line-height );padding:50px 0px 0px 0px;width:100%;max-width:100%;}@media(max-width:1336px){.elementor-3043 .elementor-element.elementor-element-da41274 .elementor-heading-title{font-size:var( --e-global-typography-secondary-font-size );line-height:var( --e-global-typography-secondary-line-height );}.elementor-3043 .elementor-element.elementor-element-7520aa0{font-size:var( --e-global-typography-text-font-size );line-height:var( --e-global-typography-text-line-height );}}@media(min-width:768px){.elementor-3043 .elementor-element.elementor-element-3088f73{--content-width:1290px;}}@media(max-width:1336px) and (min-width:768px){.elementor-3043 .elementor-element.elementor-element-3088f73{--content-width:90%;}}@media(max-width:1024px){.elementor-3043 .elementor-element.elementor-element-3088f73{--padding-top:0px;--padding-bottom:0px;--padding-left:0px;--padding-right:0px;}.elementor-3043 .elementor-element.elementor-element-da41274 .elementor-heading-title{font-size:var( --e-global-typography-secondary-font-size );line-height:var( --e-global-typography-secondary-line-height );}.elementor-3043 .elementor-element.elementor-element-7520aa0{font-size:var( --e-global-typography-text-font-size );line-height:var( --e-global-typography-text-line-height );padding:20px 0px 0px 0px;}}@media(max-width:767px){.elementor-3043 .elementor-element.elementor-element-3088f73{--content-width:90%;--margin-top:30px;--margin-bottom:50px;--margin-left:0px;--margin-right:0px;}.elementor-3043 .elementor-element.elementor-element-6f865df{--padding-top:0px;--padding-bottom:0px;--padding-left:0px;--padding-right:0px;}.elementor-3043 .elementor-element.elementor-element-da41274{text-align:center;}.elementor-3043 .elementor-element.elementor-element-da41274 .elementor-heading-title{font-size:var( --e-global-typography-secondary-font-size );line-height:var( --e-global-typography-secondary-line-height );}.elementor-3043 .elementor-element.elementor-element-7520aa0{font-size:var( --e-global-typography-text-font-size );line-height:var( --e-global-typography-text-line-height );}}<\/style>\t\t<div data-elementor-type=\"wp-page\" data-elementor-id=\"3043\" class=\"elementor elementor-3043\" data-elementor-post-type=\"page\">\n\t\t\t\t<div class=\"elementor-element elementor-element-3088f73 e-flex e-con-boxed e-con e-parent\" data-id=\"3088f73\" data-element_type=\"container\" data-e-type=\"container\">\n\t\t\t\t\t<div class=\"e-con-inner\">\n\t\t<div class=\"elementor-element elementor-element-6f865df e-con-full e-flex e-con e-child\" data-id=\"6f865df\" data-element_type=\"container\" data-e-type=\"container\">\n\t\t\t\t<div class=\"elementor-element elementor-element-da41274 elementor-widget elementor-widget-heading\" data-id=\"da41274\" data-element_type=\"widget\" data-e-type=\"widget\" data-widget_type=\"heading.default\">\n\t\t\t\t\t<h1 class=\"elementor-heading-title elementor-size-default\">Estado actual y Operaci\u00f3n del Destino<\/h1>\t\t\t\t<\/div>\n\t\t\t\t<div class=\"elementor-element elementor-element-7520aa0 elementor-widget__width-inherit elementor-widget elementor-widget-text-editor\" data-id=\"7520aa0\" data-element_type=\"widget\" data-e-type=\"widget\" data-widget_type=\"text-editor.default\">\n\t\t\t\t\t\t\t\t\t<p>\u00a0<\/p><p><em>BOCA DE TOMATLAN \u2013 5 de marzo de 2026<\/em><\/p><p>El pasado 22 de febrero se registraron incidentes aislados en algunas zonas del estado de Jalisco, incluyendo la quema de veh\u00edculos y bloqueos carreteros temporales. Las im\u00e1genes circularon ampliamente en medios internacionales y redes sociales.<\/p><p>Al d\u00eda de hoy \u2014 5 de marzo \u2014 Puerto Vallarta se encuentra en calma y operando con total normalidad.<\/p><p>\u00a0<\/p><p><strong>Contexto de los Hechos<\/strong><\/p><p>\u00b7 Los eventos ocurrieron el 22 de febrero y fueron controlados ese mismo d\u00eda.<\/p><p>\u00b7 No hubo v\u00edctimas en zonas tur\u00edsticas de Puerto Vallarta.<\/p><p>\u00b7 No se registraron incidentes en \u00e1reas frecuentadas por visitantes.<\/p><p>\u00b7 La alerta temporal de seguridad (\u201cC\u00f3digo Rojo\u201d) fue levantada el 24 de febrero.<\/p><p>Desde entonces, la vida cotidiana en el destino contin\u00faa con normalidad.<\/p><p><strong>Situaci\u00f3n Actual<\/strong><\/p><p>\u00b7 Puerto Vallarta se mantiene tranquilo<\/p><p>\u00b7 Hoteles, restaurantes y comercios operan con regularidad<\/p><p>\u00b7 Los servicios de transporte funcionan sin afectaciones<\/p><p>\u00b7 El Aeropuerto Internacional de Puerto Vallarta (PVR) opera con normalidad<\/p><p>\u00b7 Los retiros en Xinalani y Mixto contin\u00faan conforme a lo programado<\/p><p>El fin de semana pasado recibimos a hu\u00e9spedes, y todas las actividades se llevaron a cabo de manera fluida y en un ambiente de absoluta serenidad.<\/p><p>Las autoridades mantienen una presencia visible como medida preventiva, reforzando la seguridad del destino.<\/p><p><strong>Sobre la Cobertura Medi\u00e1tica<\/strong><\/p><p>Entendemos que las im\u00e1genes compartidas en l\u00ednea hayan sido alarmantes. Es importante se\u00f1alar que algunas de las fotos y videos que circularon fueron generados con inteligencia artificial o sacados de contexto, y no representaban con precisi\u00f3n la situaci\u00f3n en el terreno. La situaci\u00f3n en Puerto Vallarta se resolvi\u00f3 r\u00e1pidamente y no involucr\u00f3 zonas tur\u00edsticas.<\/p><p>En ocasiones, la difusi\u00f3n internacional puede amplificar la percepci\u00f3n de impacto m\u00e1s all\u00e1 de la realidad operativa del destino. Hoy, Puerto Vallarta se encuentra en completa normalidad.<\/p><p><strong>\u00bfEs necesario reconsiderar su viaje?<\/strong><\/p><p>Actualmente no existen restricciones para viajar a Puerto Vallarta ni a la Riviera Nayarit. Las operaciones a\u00e9reas y tur\u00edsticas contin\u00faan con regularidad.<\/p><p>Con base en la informaci\u00f3n oficial y en la situaci\u00f3n actual en el destino, no existe motivo relacionado con seguridad para cancelar su viaje.<\/p>\t\t\t\t\t\t\t\t<\/div>\n\t\t\t\t<\/div>\n\t\t\t\t\t<\/div>\n\t\t\t\t<\/div>\n\t\t\t\t<\/div>\n\t\t","protected":false},"excerpt":{"rendered":"<p>Estado actual y Operaci\u00f3n del Destino \u00a0 BOCA DE TOMATLAN \u2013 5 de marzo de 2026 El pasado 22 de febrero se registraron incidentes aislados en algunas zonas del estado de Jalisco, incluyendo la quema de veh\u00edculos y bloqueos carreteros temporales. Las im\u00e1genes circularon ampliamente en medios internacionales y redes sociales. Al d\u00eda de hoy [&hellip;]<\/p>\n","protected":false},"author":1,"featured_media":0,"parent":0,"menu_order":0,"comment_status":"closed","ping_status":"closed","template":"elementor_header_footer","meta":{"_acf_changed":false,"_joinchat":[],"footnotes":""},"class_list":["post-3043","page","type-page","status-publish","hentry"],"acf":[],"yoast_head":"<!-- This site is optimized with the Yoast SEO plugin v27.0 - https:\/\/yoast.com\/product\/yoast-seo-wordpress\/ -->\n<title>Estado Actual | Villa Lala<\/title>\n<meta name=\"robots\" content=\"index, follow, max-snippet:-1, max-image-preview:large, max-video-preview:-1\" \/>\n<link rel=\"canonical\" href=\"https:\/\/villalalapv.com\/es\/estado-actual\/\" \/>\n<meta property=\"og:locale\" content=\"es_MX\" \/>\n<meta property=\"og:type\" content=\"article\" \/>\n<meta property=\"og:title\" content=\"Estado Actual | Villa Lala\" \/>\n<meta property=\"og:description\" content=\"Estado actual y Operaci\u00f3n del Destino \u00a0 BOCA DE TOMATLAN \u2013 5 de marzo de 2026 El pasado 22 de febrero se registraron incidentes aislados en algunas zonas del estado de Jalisco, incluyendo la quema de veh\u00edculos y bloqueos carreteros temporales. Las im\u00e1genes circularon ampliamente en medios internacionales y redes sociales. Al d\u00eda de hoy [&hellip;]\" \/>\n<meta property=\"og:url\" content=\"https:\/\/villalalapv.com\/es\/estado-actual\/\" \/>\n<meta property=\"og:site_name\" content=\"Villa Lala\" \/>\n<meta property=\"article:publisher\" content=\"https:\/\/www.facebook.com\/villalalapv\" \/>\n<meta property=\"article:modified_time\" content=\"2026-03-09T16:10:47+00:00\" \/>\n<meta property=\"og:image\" content=\"https:\/\/villalalapv.com\/wp-content\/uploads\/2024\/12\/186430287_5527663633970975_5631396370973418165_n.jpg\" \/>\n\t<meta property=\"og:image:width\" content=\"2000\" \/>\n\t<meta property=\"og:image:height\" content=\"1333\" \/>\n\t<meta property=\"og:image:type\" content=\"image\/jpeg\" \/>\n<meta name=\"twitter:card\" content=\"summary_large_image\" \/>\n<script type=\"application\/ld+json\" class=\"yoast-schema-graph\">{\"@context\":\"https:\/\/schema.org\",\"@graph\":[{\"@type\":\"WebPage\",\"@id\":\"https:\/\/villalalapv.com\/estado-actual\/\",\"url\":\"https:\/\/villalalapv.com\/estado-actual\/\",\"name\":\"Estado Actual | Villa Lala\",\"isPartOf\":{\"@id\":\"https:\/\/villalalapv.com\/es\/#website\"},\"datePublished\":\"2026-03-09T15:59:39+00:00\",\"dateModified\":\"2026-03-09T16:10:47+00:00\",\"breadcrumb\":{\"@id\":\"https:\/\/villalalapv.com\/estado-actual\/#breadcrumb\"},\"inLanguage\":\"es\",\"potentialAction\":[{\"@type\":\"ReadAction\",\"target\":[\"https:\/\/villalalapv.com\/estado-actual\/\"]}]},{\"@type\":\"BreadcrumbList\",\"@id\":\"https:\/\/villalalapv.com\/estado-actual\/#breadcrumb\",\"itemListElement\":[{\"@type\":\"ListItem\",\"position\":1,\"name\":\"Home\",\"item\":\"https:\/\/villalalapv.com\/\"},{\"@type\":\"ListItem\",\"position\":2,\"name\":\"Estado Actual\"}]},{\"@type\":\"WebSite\",\"@id\":\"https:\/\/villalalapv.com\/es\/#website\",\"url\":\"https:\/\/villalalapv.com\/es\/\",\"name\":\"Hotel Villa Lala\",\"description\":\"Hotel Boutique Rom\u00e1ntico en Puerto Vallarta\",\"publisher\":{\"@id\":\"https:\/\/villalalapv.com\/es\/#organization\"},\"potentialAction\":[{\"@type\":\"SearchAction\",\"target\":{\"@type\":\"EntryPoint\",\"urlTemplate\":\"https:\/\/villalalapv.com\/es\/?s={search_term_string}\"},\"query-input\":{\"@type\":\"PropertyValueSpecification\",\"valueRequired\":true,\"valueName\":\"search_term_string\"}}],\"inLanguage\":\"es\"},{\"@type\":\"Organization\",\"@id\":\"https:\/\/villalalapv.com\/es\/#organization\",\"name\":\"Hotel Villa Lala\",\"url\":\"https:\/\/villalalapv.com\/es\/\",\"logo\":{\"@type\":\"ImageObject\",\"inLanguage\":\"es\",\"@id\":\"https:\/\/villalalapv.com\/es\/#\/schema\/logo\/image\/\",\"url\":\"https:\/\/villalalapv.com\/wp-content\/uploads\/2024\/11\/cropped-Villa-Lala.png\",\"contentUrl\":\"https:\/\/villalalapv.com\/wp-content\/uploads\/2024\/11\/cropped-Villa-Lala.png\",\"width\":4500,\"height\":1285,\"caption\":\"Hotel Villa Lala\"},\"image\":{\"@id\":\"https:\/\/villalalapv.com\/es\/#\/schema\/logo\/image\/\"},\"sameAs\":[\"https:\/\/www.facebook.com\/villalalapv\",\"https:\/\/www.instagram.com\/villalalapv\",\"https:\/\/mx.pinterest.com\/villalalapv\",\"https:\/\/www.tiktok.com\/@villalalaboutiquehotel\"]}]}<\/script>\n<!-- \/ Yoast SEO plugin. -->","yoast_head_json":{"title":"Estado Actual | Villa Lala","robots":{"index":"index","follow":"follow","max-snippet":"max-snippet:-1","max-image-preview":"max-image-preview:large","max-video-preview":"max-video-preview:-1"},"canonical":"https:\/\/villalalapv.com\/es\/estado-actual\/","og_locale":"es_MX","og_type":"article","og_title":"Estado Actual | Villa Lala","og_description":"Estado actual y Operaci\u00f3n del Destino \u00a0 BOCA DE TOMATLAN \u2013 5 de marzo de 2026 El pasado 22 de febrero se registraron incidentes aislados en algunas zonas del estado de Jalisco, incluyendo la quema de veh\u00edculos y bloqueos carreteros temporales. Las im\u00e1genes circularon ampliamente en medios internacionales y redes sociales. Al d\u00eda de hoy [&hellip;]","og_url":"https:\/\/villalalapv.com\/es\/estado-actual\/","og_site_name":"Villa Lala","article_publisher":"https:\/\/www.facebook.com\/villalalapv","article_modified_time":"2026-03-09T16:10:47+00:00","og_image":[{"width":2000,"height":1333,"url":"https:\/\/villalalapv.com\/wp-content\/uploads\/2024\/12\/186430287_5527663633970975_5631396370973418165_n.jpg","type":"image\/jpeg"}],"twitter_card":"summary_large_image","schema":{"@context":"https:\/\/schema.org","@graph":[{"@type":"WebPage","@id":"https:\/\/villalalapv.com\/estado-actual\/","url":"https:\/\/villalalapv.com\/estado-actual\/","name":"Estado Actual | Villa Lala","isPartOf":{"@id":"https:\/\/villalalapv.com\/es\/#website"},"datePublished":"2026-03-09T15:59:39+00:00","dateModified":"2026-03-09T16:10:47+00:00","breadcrumb":{"@id":"https:\/\/villalalapv.com\/estado-actual\/#breadcrumb"},"inLanguage":"es","potentialAction":[{"@type":"ReadAction","target":["https:\/\/villalalapv.com\/estado-actual\/"]}]},{"@type":"BreadcrumbList","@id":"https:\/\/villalalapv.com\/estado-actual\/#breadcrumb","itemListElement":[{"@type":"ListItem","position":1,"name":"Home","item":"https:\/\/villalalapv.com\/"},{"@type":"ListItem","position":2,"name":"Estado Actual"}]},{"@type":"WebSite","@id":"https:\/\/villalalapv.com\/es\/#website","url":"https:\/\/villalalapv.com\/es\/","name":"Hotel Villa Lala","description":"Hotel Boutique Rom\u00e1ntico en Puerto Vallarta","publisher":{"@id":"https:\/\/villalalapv.com\/es\/#organization"},"potentialAction":[{"@type":"SearchAction","target":{"@type":"EntryPoint","urlTemplate":"https:\/\/villalalapv.com\/es\/?s={search_term_string}"},"query-input":{"@type":"PropertyValueSpecification","valueRequired":true,"valueName":"search_term_string"}}],"inLanguage":"es"},{"@type":"Organization","@id":"https:\/\/villalalapv.com\/es\/#organization","name":"Hotel Villa Lala","url":"https:\/\/villalalapv.com\/es\/","logo":{"@type":"ImageObject","inLanguage":"es","@id":"https:\/\/villalalapv.com\/es\/#\/schema\/logo\/image\/","url":"https:\/\/villalalapv.com\/wp-content\/uploads\/2024\/11\/cropped-Villa-Lala.png","contentUrl":"https:\/\/villalalapv.com\/wp-content\/uploads\/2024\/11\/cropped-Villa-Lala.png","width":4500,"height":1285,"caption":"Hotel Villa Lala"},"image":{"@id":"https:\/\/villalalapv.com\/es\/#\/schema\/logo\/image\/"},"sameAs":["https:\/\/www.facebook.com\/villalalapv","https:\/\/www.instagram.com\/villalalapv","https:\/\/mx.pinterest.com\/villalalapv","https:\/\/www.tiktok.com\/@villalalaboutiquehotel"]}]}},"_links":{"self":[{"href":"https:\/\/villalalapv.com\/es\/wp-json\/wp\/v2\/pages\/3043","targetHints":{"allow":["GET"]}}],"collection":[{"href":"https:\/\/villalalapv.com\/es\/wp-json\/wp\/v2\/pages"}],"about":[{"href":"https:\/\/villalalapv.com\/es\/wp-json\/wp\/v2\/types\/page"}],"author":[{"embeddable":true,"href":"https:\/\/villalalapv.com\/es\/wp-json\/wp\/v2\/users\/1"}],"replies":[{"embeddable":true,"href":"https:\/\/villalalapv.com\/es\/wp-json\/wp\/v2\/comments?post=3043"}],"version-history":[{"count":7,"href":"https:\/\/villalalapv.com\/es\/wp-json\/wp\/v2\/pages\/3043\/revisions"}],"predecessor-version":[{"id":3051,"href":"https:\/\/villalalapv.com\/es\/wp-json\/wp\/v2\/pages\/3043\/revisions\/3051"}],"wp:attachment":[{"href":"https:\/\/villalalapv.com\/es\/wp-json\/wp\/v2\/media?parent=3043"}],"curies":[{"name":"wp","href":"https:\/\/api.w.org\/{rel}","templated":true}]}}