{"id":3,"date":"2024-11-13T22:18:11","date_gmt":"2024-11-13T22:18:11","guid":{"rendered":"https:\/\/villalalapv.com\/?page_id=3"},"modified":"2025-11-26T18:44:42","modified_gmt":"2025-11-26T18:44:42","slug":"aviso-de-privacidad","status":"publish","type":"page","link":"https:\/\/villalalapv.com\/es\/aviso-de-privacidad\/","title":{"rendered":"Aviso de Privacidad"},"content":{"rendered":"<style>.elementor-3 .elementor-element.elementor-element-79121fe{--display:flex;--flex-direction:column;--container-widget-width:calc( ( 1 - var( --container-widget-flex-grow ) ) * 100% );--container-widget-height:initial;--container-widget-flex-grow:0;--container-widget-align-self:initial;--flex-wrap-mobile:wrap;--align-items:center;border-style:solid;--border-style:solid;border-width:20px 20px 20px 20px;--border-top-width:20px;--border-right-width:20px;--border-bottom-width:20px;--border-left-width:20px;border-color:var( --e-global-color-85fd2be );--border-color:var( --e-global-color-85fd2be );--margin-top:50px;--margin-bottom:50px;--margin-left:0px;--margin-right:0px;--padding-top:0px;--padding-bottom:0px;--padding-left:0px;--padding-right:0px;}.elementor-3 .elementor-element.elementor-element-4451cac{--display:flex;--align-items:center;--container-widget-width:calc( ( 1 - var( --container-widget-flex-grow ) ) * 100% );--gap:10px 10px;--row-gap:10px;--column-gap:10px;--margin-top:0px;--margin-bottom:0px;--margin-left:0px;--margin-right:0px;--padding-top:0px;--padding-bottom:0px;--padding-left:20px;--padding-right:20px;}.elementor-3 .elementor-element.elementor-element-b25dae5 .elementor-heading-title{font-family:var( --e-global-typography-secondary-font-family ), Sans-serif;font-size:var( --e-global-typography-secondary-font-size );font-weight:var( --e-global-typography-secondary-font-weight );text-decoration:var( --e-global-typography-secondary-text-decoration );line-height:var( --e-global-typography-secondary-line-height );color:var( --e-global-color-primary );}.elementor-3 .elementor-element.elementor-element-ebd724f{text-align:start;font-family:var( --e-global-typography-text-font-family ), Sans-serif;font-size:var( --e-global-typography-text-font-size );font-weight:var( --e-global-typography-text-font-weight );text-transform:var( --e-global-typography-text-text-transform );text-decoration:var( --e-global-typography-text-text-decoration );line-height:var( --e-global-typography-text-line-height );padding:50px 0px 0px 0px;width:100%;max-width:100%;}@media(max-width:1336px){.elementor-3 .elementor-element.elementor-element-b25dae5 .elementor-heading-title{font-size:var( --e-global-typography-secondary-font-size );line-height:var( --e-global-typography-secondary-line-height );}.elementor-3 .elementor-element.elementor-element-ebd724f{font-size:var( --e-global-typography-text-font-size );line-height:var( --e-global-typography-text-line-height );}}@media(min-width:768px){.elementor-3 .elementor-element.elementor-element-79121fe{--content-width:1290px;}}@media(max-width:1336px) and (min-width:768px){.elementor-3 .elementor-element.elementor-element-79121fe{--content-width:90%;}}@media(max-width:1024px){.elementor-3 .elementor-element.elementor-element-79121fe{--padding-top:0px;--padding-bottom:0px;--padding-left:0px;--padding-right:0px;}.elementor-3 .elementor-element.elementor-element-b25dae5 .elementor-heading-title{font-size:var( --e-global-typography-secondary-font-size );line-height:var( --e-global-typography-secondary-line-height );}.elementor-3 .elementor-element.elementor-element-ebd724f{font-size:var( --e-global-typography-text-font-size );line-height:var( --e-global-typography-text-line-height );padding:20px 0px 0px 0px;}}@media(max-width:767px){.elementor-3 .elementor-element.elementor-element-79121fe{--content-width:90%;--margin-top:30px;--margin-bottom:50px;--margin-left:0px;--margin-right:0px;}.elementor-3 .elementor-element.elementor-element-4451cac{--padding-top:0px;--padding-bottom:0px;--padding-left:0px;--padding-right:0px;}.elementor-3 .elementor-element.elementor-element-b25dae5{text-align:center;}.elementor-3 .elementor-element.elementor-element-b25dae5 .elementor-heading-title{font-size:var( --e-global-typography-secondary-font-size );line-height:var( --e-global-typography-secondary-line-height );}.elementor-3 .elementor-element.elementor-element-ebd724f{font-size:var( --e-global-typography-text-font-size );line-height:var( --e-global-typography-text-line-height );}}<\/style>\t\t<div data-elementor-type=\"wp-page\" data-elementor-id=\"3\" class=\"elementor elementor-3\" data-elementor-post-type=\"page\">\n\t\t\t\t<div class=\"elementor-element elementor-element-79121fe e-flex e-con-boxed e-con e-parent\" data-id=\"79121fe\" data-element_type=\"container\" data-e-type=\"container\">\n\t\t\t\t\t<div class=\"e-con-inner\">\n\t\t<div class=\"elementor-element elementor-element-4451cac e-con-full e-flex e-con e-child\" data-id=\"4451cac\" data-element_type=\"container\" data-e-type=\"container\">\n\t\t\t\t<div class=\"elementor-element elementor-element-b25dae5 elementor-widget elementor-widget-heading\" data-id=\"b25dae5\" data-element_type=\"widget\" data-e-type=\"widget\" data-widget_type=\"heading.default\">\n\t\t\t\t\t<h1 class=\"elementor-heading-title elementor-size-default\">Aviso de Privacidad<\/h1>\t\t\t\t<\/div>\n\t\t\t\t<div class=\"elementor-element elementor-element-ebd724f elementor-widget__width-inherit elementor-widget elementor-widget-text-editor\" data-id=\"ebd724f\" data-element_type=\"widget\" data-e-type=\"widget\" data-widget_type=\"text-editor.default\">\n\t\t\t\t\t\t\t\t\t<p><strong>VILLA LALA<\/strong>\u00a0(en adelante, \u201cEL HOTEL\u201d), con domicilio en Carretera a Barra de Navidad 5696, Boca de Tomatl\u00e1n, Jalisco, es responsable del tratamiento de sus datos personales, en cumplimiento con la\u00a0<strong>Ley Federal de Protecci\u00f3n de Datos Personales en Posesi\u00f3n de los Particulares<\/strong>\u00a0(LFPDPPP).<\/p><p>\u00a0<\/p><ol><li><strong> Datos personales que recabamos<\/strong><\/li><\/ol><p>\u00a0<\/p><p>Recabamos los siguientes datos personales:<\/p><ul><li><strong>Datos de identificaci\u00f3n<\/strong>: Nombre, apellidos, estado civil, nacionalidad, fecha y lugar de nacimiento.<\/li><li><strong>Datos de contacto<\/strong>: Direcci\u00f3n, correo electr\u00f3nico, n\u00famero telef\u00f3nico.<\/li><li><strong>Datos de pago<\/strong>: Informaci\u00f3n bancaria, datos de facturaci\u00f3n.<\/li><li><strong>Datos de estancia<\/strong>: Fechas de reservaci\u00f3n, preferencias de habitaci\u00f3n, solicitudes especiales.<\/li><li><strong>Datos de salud<\/strong>(cuando sea necesario): Informaci\u00f3n sobre alergias o condiciones m\u00e9dicas que nos ayuden a brindarle un mejor servicio.<\/li><li><strong>Im\u00e1genes<\/strong>: Captadas a trav\u00e9s de sistemas de videovigilancia en \u00e1reas comunes del hotel.<\/li><\/ul><p>\u00a0<\/p><ol start=\"2\"><li><strong> Finalidades del tratamiento<\/strong><\/li><\/ol><p>\u00a0<\/p><p>Sus datos personales ser\u00e1n utilizados para las siguientes finalidades:<\/p><ul><li><strong>Primarias<\/strong>:<\/li><li>Proveer los servicios de hospedaje y dem\u00e1s servicios solicitados.<\/li><li>Gestionar reservaciones, cancelaciones y reembolsos.<\/li><li>Emitir facturaci\u00f3n y realizar cobros.<\/li><li>Garantizar la seguridad de nuestros hu\u00e9spedes, empleados e instalaciones mediante sistemas de videovigilancia.<\/li><li><strong>Secundarias<\/strong>(opcionales):<\/li><li>Enviar promociones, ofertas especiales y encuestas de satisfacci\u00f3n.<\/li><li>Personalizar su experiencia de hospedaje.<\/li><\/ul><p>\u00a0<\/p><ol start=\"3\"><li><strong> Transferencias de datos<\/strong><\/li><\/ol><p>\u00a0<\/p><p>Podemos compartir sus datos personales con:<\/p><ul><li>Autoridades competentes cuando sea requerido por ley.<\/li><li>Proveedores de servicios auxiliares (ej. sistemas de pago, plataformas de reservaci\u00f3n) necesarios para cumplir con las finalidades primarias.<\/li><li>Empresas afiliadas o subsidiarias para fines administrativos y promocionales.<\/li><\/ul><p>En caso de transferencias que requieran su consentimiento, se lo solicitaremos previamente.<\/p><p>\u00a0<\/p><ol start=\"4\"><li><strong> Derechos ARCO (Acceso, Rectificaci\u00f3n, Cancelaci\u00f3n y Oposici\u00f3n)<\/strong><\/li><\/ol><p>\u00a0<\/p><p>Usted tiene derecho a:<\/p><ul><li>Acceder a sus datos personales en nuestro poder.<\/li><li>Solicitar la rectificaci\u00f3n de sus datos cuando sean inexactos o incompletos.<\/li><li>Solicitar la cancelaci\u00f3n de sus datos cuando considere que no se requieren para las finalidades descritas.<\/li><li>Oponerse al tratamiento de sus datos personales para fines espec\u00edficos.<\/li><\/ul><p>\u00a0<\/p><p>Para ejercer sus derechos ARCO, por favor contacte a nuestro encargado de privacidad:<\/p><ul><li><strong>Correo electr\u00f3nico<\/strong>: imaginealbam@gmail.com<\/li><li><strong>Tel\u00e9fono<\/strong>: 3222451950<\/li><\/ul><p>\u00a0<\/p><p>Su solicitud deber\u00e1 contener:<\/p><ul><li>Nombre y datos de contacto del titular.<\/li><li>Descripci\u00f3n clara de los datos personales sobre los que desea ejercer alg\u00fan derecho.<\/li><li>Cualquier documento o informaci\u00f3n que facilite la localizaci\u00f3n de sus datos.<\/li><\/ul><p>\u00a0<\/p><ol start=\"5\"><li><strong> Medidas de seguridad<\/strong><\/li><\/ol><p>\u00a0<\/p><p>EL HOTEL implementa medidas de seguridad t\u00e9cnicas, administrativas y f\u00edsicas para proteger sus datos personales contra da\u00f1o, p\u00e9rdida, alteraci\u00f3n, destrucci\u00f3n o uso no autorizado.<\/p><p>\u00a0<\/p><ol start=\"6\"><li><strong> Cambios al aviso de privacidad<\/strong><\/li><\/ol><p>\u00a0<\/p><p>Nos reservamos el derecho de realizar modificaciones o actualizaciones a este Aviso de Privacidad. Cualquier cambio ser\u00e1 notificado a trav\u00e9s de nuestro sitio web [www.villalala.com] o mediante otros medios de comunicaci\u00f3n que tengamos con usted.<\/p><p>\u00a0<\/p><ol start=\"7\"><li><strong> Consentimiento<\/strong><\/li><\/ol><p>\u00a0<\/p><p>Al proporcionar sus datos personales, usted consiente el tratamiento de los mismos conforme a los t\u00e9rminos de este Aviso de Privacidad.<\/p><p>\u00a0<\/p><p><strong>Fecha de \u00faltima actualizaci\u00f3n<\/strong>: 04 de diciembre de 2024.<\/p><p>\u00a0<\/p><p>Si tiene dudas o inquietudes, no dude en contactarnos.<\/p><p><strong>VILLA LALA<\/strong><\/p>\t\t\t\t\t\t\t\t<\/div>\n\t\t\t\t<\/div>\n\t\t\t\t\t<\/div>\n\t\t\t\t<\/div>\n\t\t\t\t<\/div>\n\t\t","protected":false},"excerpt":{"rendered":"<p>VILLA LALA\u00a0(en adelante, \u201cEL HOTEL\u201d), con domicilio en Carretera a Barra de Navidad 5696, Boca de Tomatl\u00e1n, Jalisco, es responsable del tratamiento de sus datos personales, en cumplimiento con la\u00a0Ley Federal de Protecci\u00f3n de Datos Personales en Posesi\u00f3n de los Particulares\u00a0(LFPDPPP). \u00a0 Datos personales que recabamos \u00a0 Recabamos los siguientes datos personales: Datos de identificaci\u00f3n: [&hellip;]<\/p>\n","protected":false},"author":1,"featured_media":0,"parent":0,"menu_order":0,"comment_status":"closed","ping_status":"closed","template":"elementor_header_footer","meta":{"_acf_changed":false,"_joinchat":[],"footnotes":""},"class_list":["post-3","page","type-page","status-publish","hentry"],"acf":[],"yoast_head":"<!-- This site is optimized with the Yoast SEO plugin v27.0 - https:\/\/yoast.com\/product\/yoast-seo-wordpress\/ -->\n<title>Aviso de Privacidad | Villa Lala<\/title>\n<meta name=\"description\" content=\"Aviso de Privacidad del Hotel Villa Lala, sus datos est\u00e1n seguros con nosotros, conozca sus derechos ARCO, Cont\u00e1ctenos.\" \/>\n<meta name=\"robots\" content=\"index, follow, max-snippet:-1, max-image-preview:large, max-video-preview:-1\" \/>\n<link rel=\"canonical\" href=\"https:\/\/villalalapv.com\/es\/aviso-de-privacidad\/\" \/>\n<meta property=\"og:locale\" content=\"es_MX\" \/>\n<meta property=\"og:type\" content=\"article\" \/>\n<meta property=\"og:title\" content=\"Aviso de Privacidad | Villa Lala\" \/>\n<meta property=\"og:description\" content=\"Aviso de Privacidad del Hotel Villa Lala, sus datos est\u00e1n seguros con nosotros, conozca sus derechos ARCO, Cont\u00e1ctenos.\" \/>\n<meta property=\"og:url\" content=\"https:\/\/villalalapv.com\/es\/aviso-de-privacidad\/\" \/>\n<meta property=\"og:site_name\" content=\"Villa Lala\" \/>\n<meta property=\"article:publisher\" content=\"https:\/\/www.facebook.com\/villalalapv\" \/>\n<meta property=\"article:modified_time\" content=\"2025-11-26T18:44:42+00:00\" \/>\n<meta property=\"og:image\" content=\"https:\/\/villalalapv.com\/wp-content\/uploads\/2024\/12\/186430287_5527663633970975_5631396370973418165_n.jpg\" \/>\n\t<meta property=\"og:image:width\" content=\"2000\" \/>\n\t<meta property=\"og:image:height\" content=\"1333\" \/>\n\t<meta property=\"og:image:type\" content=\"image\/jpeg\" \/>\n<meta name=\"twitter:card\" content=\"summary_large_image\" \/>\n<meta name=\"twitter:label1\" content=\"Tiempo de lectura\" \/>\n\t<meta name=\"twitter:data1\" content=\"3 minutos\" \/>\n<script type=\"application\/ld+json\" class=\"yoast-schema-graph\">{\"@context\":\"https:\/\/schema.org\",\"@graph\":[{\"@type\":\"WebPage\",\"@id\":\"https:\/\/villalalapv.com\/aviso-de-privacidad\/\",\"url\":\"https:\/\/villalalapv.com\/aviso-de-privacidad\/\",\"name\":\"Aviso de Privacidad | Villa Lala\",\"isPartOf\":{\"@id\":\"https:\/\/villalalapv.com\/es\/#website\"},\"datePublished\":\"2024-11-13T22:18:11+00:00\",\"dateModified\":\"2025-11-26T18:44:42+00:00\",\"description\":\"Aviso de Privacidad del Hotel Villa Lala, sus datos est\u00e1n seguros con nosotros, conozca sus derechos ARCO, Cont\u00e1ctenos.\",\"breadcrumb\":{\"@id\":\"https:\/\/villalalapv.com\/aviso-de-privacidad\/#breadcrumb\"},\"inLanguage\":\"es\",\"potentialAction\":[{\"@type\":\"ReadAction\",\"target\":[\"https:\/\/villalalapv.com\/aviso-de-privacidad\/\"]}]},{\"@type\":\"BreadcrumbList\",\"@id\":\"https:\/\/villalalapv.com\/aviso-de-privacidad\/#breadcrumb\",\"itemListElement\":[{\"@type\":\"ListItem\",\"position\":1,\"name\":\"Home\",\"item\":\"https:\/\/villalalapv.com\/\"},{\"@type\":\"ListItem\",\"position\":2,\"name\":\"Aviso de Privacidad\"}]},{\"@type\":\"WebSite\",\"@id\":\"https:\/\/villalalapv.com\/es\/#website\",\"url\":\"https:\/\/villalalapv.com\/es\/\",\"name\":\"Hotel Villa Lala\",\"description\":\"Hotel Boutique Rom\u00e1ntico en Puerto Vallarta\",\"publisher\":{\"@id\":\"https:\/\/villalalapv.com\/es\/#organization\"},\"potentialAction\":[{\"@type\":\"SearchAction\",\"target\":{\"@type\":\"EntryPoint\",\"urlTemplate\":\"https:\/\/villalalapv.com\/es\/?s={search_term_string}\"},\"query-input\":{\"@type\":\"PropertyValueSpecification\",\"valueRequired\":true,\"valueName\":\"search_term_string\"}}],\"inLanguage\":\"es\"},{\"@type\":\"Organization\",\"@id\":\"https:\/\/villalalapv.com\/es\/#organization\",\"name\":\"Hotel Villa Lala\",\"url\":\"https:\/\/villalalapv.com\/es\/\",\"logo\":{\"@type\":\"ImageObject\",\"inLanguage\":\"es\",\"@id\":\"https:\/\/villalalapv.com\/es\/#\/schema\/logo\/image\/\",\"url\":\"https:\/\/villalalapv.com\/wp-content\/uploads\/2024\/11\/cropped-Villa-Lala.png\",\"contentUrl\":\"https:\/\/villalalapv.com\/wp-content\/uploads\/2024\/11\/cropped-Villa-Lala.png\",\"width\":4500,\"height\":1285,\"caption\":\"Hotel Villa Lala\"},\"image\":{\"@id\":\"https:\/\/villalalapv.com\/es\/#\/schema\/logo\/image\/\"},\"sameAs\":[\"https:\/\/www.facebook.com\/villalalapv\",\"https:\/\/www.instagram.com\/villalalapv\",\"https:\/\/mx.pinterest.com\/villalalapv\",\"https:\/\/www.tiktok.com\/@villalalaboutiquehotel\"]}]}<\/script>\n<!-- \/ Yoast SEO plugin. -->","yoast_head_json":{"title":"Aviso de Privacidad | Villa Lala","description":"Aviso de Privacidad del Hotel Villa Lala, sus datos est\u00e1n seguros con nosotros, conozca sus derechos ARCO, Cont\u00e1ctenos.","robots":{"index":"index","follow":"follow","max-snippet":"max-snippet:-1","max-image-preview":"max-image-preview:large","max-video-preview":"max-video-preview:-1"},"canonical":"https:\/\/villalalapv.com\/es\/aviso-de-privacidad\/","og_locale":"es_MX","og_type":"article","og_title":"Aviso de Privacidad | Villa Lala","og_description":"Aviso de Privacidad del Hotel Villa Lala, sus datos est\u00e1n seguros con nosotros, conozca sus derechos ARCO, Cont\u00e1ctenos.","og_url":"https:\/\/villalalapv.com\/es\/aviso-de-privacidad\/","og_site_name":"Villa Lala","article_publisher":"https:\/\/www.facebook.com\/villalalapv","article_modified_time":"2025-11-26T18:44:42+00:00","og_image":[{"width":2000,"height":1333,"url":"https:\/\/villalalapv.com\/wp-content\/uploads\/2024\/12\/186430287_5527663633970975_5631396370973418165_n.jpg","type":"image\/jpeg"}],"twitter_card":"summary_large_image","twitter_misc":{"Tiempo de lectura":"3 minutos"},"schema":{"@context":"https:\/\/schema.org","@graph":[{"@type":"WebPage","@id":"https:\/\/villalalapv.com\/aviso-de-privacidad\/","url":"https:\/\/villalalapv.com\/aviso-de-privacidad\/","name":"Aviso de Privacidad | Villa Lala","isPartOf":{"@id":"https:\/\/villalalapv.com\/es\/#website"},"datePublished":"2024-11-13T22:18:11+00:00","dateModified":"2025-11-26T18:44:42+00:00","description":"Aviso de Privacidad del Hotel Villa Lala, sus datos est\u00e1n seguros con nosotros, conozca sus derechos ARCO, Cont\u00e1ctenos.","breadcrumb":{"@id":"https:\/\/villalalapv.com\/aviso-de-privacidad\/#breadcrumb"},"inLanguage":"es","potentialAction":[{"@type":"ReadAction","target":["https:\/\/villalalapv.com\/aviso-de-privacidad\/"]}]},{"@type":"BreadcrumbList","@id":"https:\/\/villalalapv.com\/aviso-de-privacidad\/#breadcrumb","itemListElement":[{"@type":"ListItem","position":1,"name":"Home","item":"https:\/\/villalalapv.com\/"},{"@type":"ListItem","position":2,"name":"Aviso de Privacidad"}]},{"@type":"WebSite","@id":"https:\/\/villalalapv.com\/es\/#website","url":"https:\/\/villalalapv.com\/es\/","name":"Hotel Villa Lala","description":"Hotel Boutique Rom\u00e1ntico en Puerto Vallarta","publisher":{"@id":"https:\/\/villalalapv.com\/es\/#organization"},"potentialAction":[{"@type":"SearchAction","target":{"@type":"EntryPoint","urlTemplate":"https:\/\/villalalapv.com\/es\/?s={search_term_string}"},"query-input":{"@type":"PropertyValueSpecification","valueRequired":true,"valueName":"search_term_string"}}],"inLanguage":"es"},{"@type":"Organization","@id":"https:\/\/villalalapv.com\/es\/#organization","name":"Hotel Villa Lala","url":"https:\/\/villalalapv.com\/es\/","logo":{"@type":"ImageObject","inLanguage":"es","@id":"https:\/\/villalalapv.com\/es\/#\/schema\/logo\/image\/","url":"https:\/\/villalalapv.com\/wp-content\/uploads\/2024\/11\/cropped-Villa-Lala.png","contentUrl":"https:\/\/villalalapv.com\/wp-content\/uploads\/2024\/11\/cropped-Villa-Lala.png","width":4500,"height":1285,"caption":"Hotel Villa Lala"},"image":{"@id":"https:\/\/villalalapv.com\/es\/#\/schema\/logo\/image\/"},"sameAs":["https:\/\/www.facebook.com\/villalalapv","https:\/\/www.instagram.com\/villalalapv","https:\/\/mx.pinterest.com\/villalalapv","https:\/\/www.tiktok.com\/@villalalaboutiquehotel"]}]}},"_links":{"self":[{"href":"https:\/\/villalalapv.com\/es\/wp-json\/wp\/v2\/pages\/3","targetHints":{"allow":["GET"]}}],"collection":[{"href":"https:\/\/villalalapv.com\/es\/wp-json\/wp\/v2\/pages"}],"about":[{"href":"https:\/\/villalalapv.com\/es\/wp-json\/wp\/v2\/types\/page"}],"author":[{"embeddable":true,"href":"https:\/\/villalalapv.com\/es\/wp-json\/wp\/v2\/users\/1"}],"replies":[{"embeddable":true,"href":"https:\/\/villalalapv.com\/es\/wp-json\/wp\/v2\/comments?post=3"}],"version-history":[{"count":0,"href":"https:\/\/villalalapv.com\/es\/wp-json\/wp\/v2\/pages\/3\/revisions"}],"wp:attachment":[{"href":"https:\/\/villalalapv.com\/es\/wp-json\/wp\/v2\/media?parent=3"}],"curies":[{"name":"wp","href":"https:\/\/api.w.org\/{rel}","templated":true}]}}